{"id":2133,"date":"2020-03-02T21:52:08","date_gmt":"2020-03-02T21:52:08","guid":{"rendered":"https:\/\/lasilasol.com\/?page_id=2133"},"modified":"2021-01-29T16:41:21","modified_gmt":"2021-01-29T19:41:21","slug":"contacto","status":"publish","type":"page","link":"https:\/\/lasilasol.com\/es\/contacto\/","title":{"rendered":"Contacto"},"content":{"rendered":"[fusion_builder_container hundred_percent=\u00bbno\u00bb hundred_percent_height=\u00bbno\u00bb hundred_percent_height_scroll=\u00bbno\u00bb hundred_percent_height_center_content=\u00bbyes\u00bb equal_height_columns=\u00bbno\u00bb menu_anchor=\u00bb\u00bb hide_on_mobile=\u00bbsmall-visibility,medium-visibility,large-visibility\u00bb status=\u00bbpublished\u00bb publish_date=\u00bb\u00bb class=\u00bb\u00bb id=\u00bb\u00bb link_color=\u00bb\u00bb link_hover_color=\u00bb\u00bb border_color=\u00bb\u00bb border_style=\u00bbsolid\u00bb margin_top=\u00bb\u00bb margin_bottom=\u00bb40px\u00bb padding_top=\u00bb\u00bb padding_right=\u00bb\u00bb padding_bottom=\u00bb\u00bb padding_left=\u00bb\u00bb gradient_start_color=\u00bb\u00bb gradient_end_color=\u00bb\u00bb gradient_start_position=\u00bb0&#8243; gradient_end_position=\u00bb100&#8243; gradient_type=\u00bblinear\u00bb radial_direction=\u00bbcenter center\u00bb linear_angle=\u00bb180&#8243; background_color=\u00bb\u00bb background_image=\u00bb\u00bb background_position=\u00bbcenter center\u00bb background_repeat=\u00bbno-repeat\u00bb fade=\u00bbno\u00bb background_parallax=\u00bbnone\u00bb enable_mobile=\u00bbno\u00bb parallax_speed=\u00bb0.3&#8243; background_blend_mode=\u00bbnone\u00bb video_mp4=\u00bb\u00bb video_webm=\u00bb\u00bb video_ogv=\u00bb\u00bb video_url=\u00bb\u00bb video_aspect_ratio=\u00bb16:9&#8243; video_loop=\u00bbyes\u00bb video_mute=\u00bbyes\u00bb video_preview_image=\u00bb\u00bb filter_hue=\u00bb0&#8243; filter_saturation=\u00bb100&#8243; filter_brightness=\u00bb100&#8243; filter_contrast=\u00bb100&#8243; filter_invert=\u00bb0&#8243; filter_sepia=\u00bb0&#8243; filter_opacity=\u00bb100&#8243; filter_blur=\u00bb0&#8243; filter_hue_hover=\u00bb0&#8243; filter_saturation_hover=\u00bb100&#8243; filter_brightness_hover=\u00bb100&#8243; filter_contrast_hover=\u00bb100&#8243; filter_invert_hover=\u00bb0&#8243; filter_sepia_hover=\u00bb0&#8243; filter_opacity_hover=\u00bb100&#8243; filter_blur_hover=\u00bb0&#8243; type=\u00bblegacy\u00bb][fusion_builder_row][fusion_builder_column type=\u00bb1_1&#8243; layout=\u00bb1_1&#8243; spacing=\u00bb\u00bb center_content=\u00bbno\u00bb link=\u00bb\u00bb target=\u00bb_self\u00bb min_height=\u00bb\u00bb hide_on_mobile=\u00bbsmall-visibility,medium-visibility,large-visibility\u00bb class=\u00bb\u00bb id=\u00bb\u00bb hover_type=\u00bbnone\u00bb border_color=\u00bb\u00bb border_style=\u00bbsolid\u00bb border_position=\u00bball\u00bb border_radius=\u00bb\u00bb box_shadow=\u00bbno\u00bb dimension_box_shadow=\u00bb\u00bb box_shadow_blur=\u00bb0&#8243; box_shadow_spread=\u00bb0&#8243; box_shadow_color=\u00bb\u00bb box_shadow_style=\u00bb\u00bb padding_top=\u00bb\u00bb padding_right=\u00bb\u00bb padding_bottom=\u00bb\u00bb padding_left=\u00bb\u00bb margin_top=\u00bb\u00bb margin_bottom=\u00bb\u00bb background_type=\u00bbsingle\u00bb gradient_start_color=\u00bb\u00bb gradient_end_color=\u00bb\u00bb gradient_start_position=\u00bb0&#8243; gradient_end_position=\u00bb100&#8243; gradient_type=\u00bblinear\u00bb radial_direction=\u00bbcenter center\u00bb linear_angle=\u00bb180&#8243; background_color=\u00bb\u00bb background_image=\u00bb\u00bb background_image_id=\u00bb\u00bb background_position=\u00bbleft top\u00bb background_repeat=\u00bbno-repeat\u00bb background_blend_mode=\u00bbnone\u00bb animation_type=\u00bb\u00bb animation_direction=\u00bbleft\u00bb animation_speed=\u00bb0.3&#8243; animation_offset=\u00bb\u00bb filter_type=\u00bbregular\u00bb filter_hue=\u00bb0&#8243; filter_saturation=\u00bb100&#8243; filter_brightness=\u00bb100&#8243; filter_contrast=\u00bb100&#8243; filter_invert=\u00bb0&#8243; filter_sepia=\u00bb0&#8243; filter_opacity=\u00bb100&#8243; filter_blur=\u00bb0&#8243; filter_hue_hover=\u00bb0&#8243; filter_saturation_hover=\u00bb100&#8243; filter_brightness_hover=\u00bb100&#8243; filter_contrast_hover=\u00bb100&#8243; filter_invert_hover=\u00bb0&#8243; filter_sepia_hover=\u00bb0&#8243; filter_opacity_hover=\u00bb100&#8243; filter_blur_hover=\u00bb0&#8243; last=\u00bbtrue\u00bb border_sizes_top=\u00bb0&#8243; border_sizes_bottom=\u00bb0&#8243; border_sizes_left=\u00bb0&#8243; border_sizes_right=\u00bb0&#8243; first=\u00bbtrue\u00bb][fusion_title title_type=\u00bbtext\u00bb rotation_effect=\u00bbbounceIn\u00bb display_time=\u00bb1200&#8243; highlight_effect=\u00bbcircle\u00bb loop_animation=\u00bboff\u00bb highlight_width=\u00bb9&#8243; highlight_top_margin=\u00bb0&#8243; before_text=\u00bb\u00bb rotation_text=\u00bb\u00bb highlight_text=\u00bb\u00bb after_text=\u00bb\u00bb hide_on_mobile=\u00bbsmall-visibility,medium-visibility,large-visibility\u00bb class=\u00bb\u00bb id=\u00bb\u00bb content_align=\u00bbcenter\u00bb size=\u00bb2&#8243; font_size=\u00bb\u00bb animated_font_size=\u00bb\u00bb fusion_font_family_title_font=\u00bb\u00bb fusion_font_subset_title_font=\u00bb\u00bb fusion_font_variant_title_font=\u00bb\u00bb line_height=\u00bb\u00bb letter_spacing=\u00bb\u00bb margin_top=\u00bb\u00bb margin_bottom=\u00bb20px\u00bb margin_top_mobile=\u00bb\u00bb margin_bottom_mobile=\u00bb\u00bb text_color=\u00bb\u00bb animated_text_color=\u00bb\u00bb highlight_color=\u00bb\u00bb style_type=\u00bbdefault\u00bb sep_color=\u00bb\u00bb animation_type=\u00bb\u00bb animation_direction=\u00bbleft\u00bb animation_speed=\u00bb0.3&#8243; animation_offset=\u00bb\u00bb margin_top_small=\u00bb\u00bb margin_bottom_small=\u00bb\u00bb]\n<p><b>Transforme un\u00a0gasto,\u00a0en una Inversi\u00f3n.<\/b><br \/>\n<b>Instale energ\u00eda renovable.<\/b><\/p>\n[\/fusion_title][fusion_separator style_type=\u00bbsingle solid\u00bb hide_on_mobile=\u00bbsmall-visibility,medium-visibility,large-visibility\u00bb class=\u00bb\u00bb id=\u00bb\u00bb sep_color=\u00bb#8bc34a\u00bb top_margin=\u00bb5px\u00bb bottom_margin=\u00bb5px\u00bb border_size=\u00bb2&#8243; icon=\u00bb\u00bb icon_size=\u00bb\u00bb icon_circle=\u00bb\u00bb icon_circle_color=\u00bb\u00bb width=\u00bb25%\u00bb alignment=\u00bbcenter\u00bb \/][\/fusion_builder_column][\/fusion_builder_row][\/fusion_builder_container][fusion_builder_container hundred_percent=\u00bbno\u00bb hundred_percent_height=\u00bbno\u00bb hundred_percent_height_scroll=\u00bbno\u00bb hundred_percent_height_center_content=\u00bbyes\u00bb equal_height_columns=\u00bbno\u00bb menu_anchor=\u00bb\u00bb hide_on_mobile=\u00bbsmall-visibility,medium-visibility,large-visibility\u00bb status=\u00bbpublished\u00bb publish_date=\u00bb\u00bb class=\u00bb\u00bb id=\u00bb\u00bb link_color=\u00bb\u00bb link_hover_color=\u00bb\u00bb border_color=\u00bb\u00bb border_style=\u00bbsolid\u00bb margin_top=\u00bb\u00bb margin_bottom=\u00bb\u00bb padding_top=\u00bb\u00bb padding_right=\u00bb\u00bb padding_bottom=\u00bb\u00bb padding_left=\u00bb\u00bb gradient_start_color=\u00bb\u00bb gradient_end_color=\u00bb\u00bb gradient_start_position=\u00bb0&#8243; gradient_end_position=\u00bb100&#8243; gradient_type=\u00bblinear\u00bb radial_direction=\u00bbcenter center\u00bb linear_angle=\u00bb180&#8243; background_color=\u00bbrgba(239,239,239,0.76)\u00bb background_image=\u00bb\u00bb background_position=\u00bbcenter center\u00bb background_repeat=\u00bbno-repeat\u00bb fade=\u00bbno\u00bb background_parallax=\u00bbnone\u00bb enable_mobile=\u00bbno\u00bb parallax_speed=\u00bb0.3&#8243; background_blend_mode=\u00bbnone\u00bb video_mp4=\u00bb\u00bb video_webm=\u00bb\u00bb video_ogv=\u00bb\u00bb video_url=\u00bb\u00bb video_aspect_ratio=\u00bb16:9&#8243; video_loop=\u00bbyes\u00bb video_mute=\u00bbyes\u00bb video_preview_image=\u00bb\u00bb filter_hue=\u00bb0&#8243; filter_saturation=\u00bb100&#8243; filter_brightness=\u00bb100&#8243; filter_contrast=\u00bb100&#8243; filter_invert=\u00bb0&#8243; filter_sepia=\u00bb0&#8243; filter_opacity=\u00bb100&#8243; filter_blur=\u00bb0&#8243; filter_hue_hover=\u00bb0&#8243; filter_saturation_hover=\u00bb100&#8243; filter_brightness_hover=\u00bb100&#8243; filter_contrast_hover=\u00bb100&#8243; filter_invert_hover=\u00bb0&#8243; filter_sepia_hover=\u00bb0&#8243; filter_opacity_hover=\u00bb100&#8243; filter_blur_hover=\u00bb0&#8243; type=\u00bblegacy\u00bb][fusion_builder_row][fusion_builder_column type=\u00bb1_6&#8243; layout=\u00bb1_6&#8243; spacing=\u00bb\u00bb center_content=\u00bbno\u00bb link=\u00bb\u00bb target=\u00bb_self\u00bb min_height=\u00bb\u00bb hide_on_mobile=\u00bbsmall-visibility,medium-visibility,large-visibility\u00bb class=\u00bb\u00bb id=\u00bb\u00bb hover_type=\u00bbnone\u00bb border_color=\u00bb\u00bb border_style=\u00bbsolid\u00bb border_position=\u00bball\u00bb border_radius=\u00bb\u00bb box_shadow=\u00bbno\u00bb dimension_box_shadow=\u00bb\u00bb box_shadow_blur=\u00bb0&#8243; box_shadow_spread=\u00bb0&#8243; box_shadow_color=\u00bb\u00bb box_shadow_style=\u00bb\u00bb padding_top=\u00bb\u00bb padding_right=\u00bb\u00bb padding_bottom=\u00bb\u00bb padding_left=\u00bb\u00bb margin_top=\u00bb\u00bb margin_bottom=\u00bb\u00bb background_type=\u00bbsingle\u00bb gradient_start_color=\u00bb\u00bb gradient_end_color=\u00bb\u00bb gradient_start_position=\u00bb0&#8243; gradient_end_position=\u00bb100&#8243; gradient_type=\u00bblinear\u00bb radial_direction=\u00bbcenter center\u00bb linear_angle=\u00bb180&#8243; background_color=\u00bb\u00bb background_image=\u00bb\u00bb background_image_id=\u00bb\u00bb background_position=\u00bbleft top\u00bb background_repeat=\u00bbno-repeat\u00bb background_blend_mode=\u00bbnone\u00bb animation_type=\u00bb\u00bb animation_direction=\u00bbleft\u00bb animation_speed=\u00bb0.3&#8243; animation_offset=\u00bb\u00bb filter_type=\u00bbregular\u00bb filter_hue=\u00bb0&#8243; filter_saturation=\u00bb100&#8243; filter_brightness=\u00bb100&#8243; filter_contrast=\u00bb100&#8243; filter_invert=\u00bb0&#8243; filter_sepia=\u00bb0&#8243; filter_opacity=\u00bb100&#8243; filter_blur=\u00bb0&#8243; filter_hue_hover=\u00bb0&#8243; filter_saturation_hover=\u00bb100&#8243; filter_brightness_hover=\u00bb100&#8243; filter_contrast_hover=\u00bb100&#8243; filter_invert_hover=\u00bb0&#8243; filter_sepia_hover=\u00bb0&#8243; filter_opacity_hover=\u00bb100&#8243; filter_blur_hover=\u00bb0&#8243; last=\u00bbfalse\u00bb border_sizes_top=\u00bb0&#8243; border_sizes_bottom=\u00bb0&#8243; border_sizes_left=\u00bb0&#8243; border_sizes_right=\u00bb0&#8243; first=\u00bbtrue\u00bb spacing_right=\u00bb\u00bb][\/fusion_builder_column][fusion_builder_column type=\u00bb2_3&#8243; layout=\u00bb2_3&#8243; spacing=\u00bb\u00bb center_content=\u00bbno\u00bb link=\u00bb\u00bb target=\u00bb_self\u00bb min_height=\u00bb\u00bb hide_on_mobile=\u00bbsmall-visibility,medium-visibility,large-visibility\u00bb class=\u00bb\u00bb id=\u00bb\u00bb background_image_id=\u00bb\u00bb hover_type=\u00bbnone\u00bb border_color=\u00bb\u00bb border_style=\u00bbsolid\u00bb border_position=\u00bball\u00bb border_radius_top_left=\u00bb\u00bb border_radius_top_right=\u00bb\u00bb border_radius_bottom_right=\u00bb\u00bb border_radius_bottom_left=\u00bb\u00bb box_shadow=\u00bbno\u00bb box_shadow_vertical=\u00bb\u00bb box_shadow_horizontal=\u00bb\u00bb box_shadow_blur=\u00bb0&#8243; box_shadow_spread=\u00bb0&#8243; box_shadow_color=\u00bb\u00bb box_shadow_style=\u00bb\u00bb padding_top=\u00bb\u00bb padding_right=\u00bb\u00bb padding_bottom=\u00bb\u00bb padding_left=\u00bb\u00bb margin_top=\u00bb40px\u00bb margin_bottom=\u00bb40px\u00bb background_type=\u00bbsingle\u00bb gradient_start_color=\u00bb\u00bb gradient_end_color=\u00bb\u00bb gradient_start_position=\u00bb0&#8243; gradient_end_position=\u00bb100&#8243; gradient_type=\u00bblinear\u00bb radial_direction=\u00bbcenter center\u00bb linear_angle=\u00bb180&#8243; background_color=\u00bb\u00bb background_image=\u00bb\u00bb background_position=\u00bbleft top\u00bb background_repeat=\u00bbno-repeat\u00bb background_blend_mode=\u00bbnone\u00bb animation_type=\u00bb\u00bb animation_direction=\u00bbleft\u00bb animation_speed=\u00bb0.3&#8243; animation_offset=\u00bb\u00bb filter_type=\u00bbregular\u00bb filter_hue=\u00bb0&#8243; filter_saturation=\u00bb100&#8243; filter_brightness=\u00bb100&#8243; filter_contrast=\u00bb100&#8243; filter_invert=\u00bb0&#8243; filter_sepia=\u00bb0&#8243; filter_opacity=\u00bb100&#8243; filter_blur=\u00bb0&#8243; filter_hue_hover=\u00bb0&#8243; filter_saturation_hover=\u00bb100&#8243; filter_brightness_hover=\u00bb100&#8243; filter_contrast_hover=\u00bb100&#8243; filter_invert_hover=\u00bb0&#8243; filter_sepia_hover=\u00bb0&#8243; filter_opacity_hover=\u00bb100&#8243; filter_blur_hover=\u00bb0&#8243; last=\u00bbfalse\u00bb border_sizes_top=\u00bb0&#8243; border_sizes_bottom=\u00bb0&#8243; border_sizes_left=\u00bb0&#8243; border_sizes_right=\u00bb0&#8243; first=\u00bbfalse\u00bb spacing_right=\u00bb\u00bb][fusion_title title_type=\u00bbtext\u00bb rotation_effect=\u00bbbounceIn\u00bb display_time=\u00bb1200&#8243; highlight_effect=\u00bbcircle\u00bb loop_animation=\u00bbon\u00bb highlight_width=\u00bb9&#8243; highlight_top_margin=\u00bb0&#8243; before_text=\u00bb\u00bb rotation_text=\u00bb\u00bb highlight_text=\u00bb\u00bb after_text=\u00bb\u00bb hide_on_mobile=\u00bbsmall-visibility,medium-visibility,large-visibility\u00bb class=\u00bb\u00bb id=\u00bb\u00bb content_align=\u00bbleft\u00bb size=\u00bb3&#8243; font_size=\u00bb\u00bb animated_font_size=\u00bb\u00bb fusion_font_family_title_font=\u00bb\u00bb fusion_font_subset_title_font=\u00bb\u00bb fusion_font_variant_title_font=\u00bb\u00bb line_height=\u00bb\u00bb letter_spacing=\u00bb\u00bb margin_top=\u00bb\u00bb margin_bottom=\u00bb20px\u00bb margin_top_mobile=\u00bb\u00bb margin_bottom_mobile=\u00bb\u00bb text_color=\u00bb\u00bb animated_text_color=\u00bb\u00bb highlight_color=\u00bb\u00bb style_type=\u00bbdefault\u00bb sep_color=\u00bb\u00bb animation_type=\u00bb\u00bb animation_direction=\u00bbleft\u00bb animation_speed=\u00bb0.3&#8243; animation_offset=\u00bb\u00bb margin_top_small=\u00bb\u00bb margin_bottom_small=\u00bb\u00bb]\n<p><b>\u00a1Contactenos!<\/b><\/p>\n[\/fusion_title][contact-form-7 id=\u00bb7&#8243; \/][\/fusion_builder_column][fusion_builder_column type=\u00bb1_6&#8243; layout=\u00bb1_6&#8243; spacing=\u00bb\u00bb center_content=\u00bbno\u00bb link=\u00bb\u00bb target=\u00bb_self\u00bb min_height=\u00bb\u00bb hide_on_mobile=\u00bbsmall-visibility,medium-visibility,large-visibility\u00bb class=\u00bb\u00bb id=\u00bb\u00bb hover_type=\u00bbnone\u00bb border_color=\u00bb\u00bb border_style=\u00bbsolid\u00bb border_position=\u00bball\u00bb border_radius=\u00bb\u00bb box_shadow=\u00bbno\u00bb dimension_box_shadow=\u00bb\u00bb box_shadow_blur=\u00bb0&#8243; box_shadow_spread=\u00bb0&#8243; box_shadow_color=\u00bb\u00bb box_shadow_style=\u00bb\u00bb padding_top=\u00bb\u00bb padding_right=\u00bb\u00bb padding_bottom=\u00bb\u00bb padding_left=\u00bb\u00bb margin_top=\u00bb\u00bb margin_bottom=\u00bb\u00bb background_type=\u00bbsingle\u00bb gradient_start_color=\u00bb\u00bb gradient_end_color=\u00bb\u00bb gradient_start_position=\u00bb0&#8243; gradient_end_position=\u00bb100&#8243; gradient_type=\u00bblinear\u00bb radial_direction=\u00bbcenter center\u00bb linear_angle=\u00bb180&#8243; background_color=\u00bb\u00bb background_image=\u00bb\u00bb background_image_id=\u00bb\u00bb background_position=\u00bbleft top\u00bb background_repeat=\u00bbno-repeat\u00bb background_blend_mode=\u00bbnone\u00bb animation_type=\u00bb\u00bb animation_direction=\u00bbleft\u00bb animation_speed=\u00bb0.3&#8243; animation_offset=\u00bb\u00bb filter_type=\u00bbregular\u00bb filter_hue=\u00bb0&#8243; filter_saturation=\u00bb100&#8243; filter_brightness=\u00bb100&#8243; filter_contrast=\u00bb100&#8243; filter_invert=\u00bb0&#8243; filter_sepia=\u00bb0&#8243; filter_opacity=\u00bb100&#8243; filter_blur=\u00bb0&#8243; filter_hue_hover=\u00bb0&#8243; filter_saturation_hover=\u00bb100&#8243; filter_brightness_hover=\u00bb100&#8243; filter_contrast_hover=\u00bb100&#8243; filter_invert_hover=\u00bb0&#8243; filter_sepia_hover=\u00bb0&#8243; filter_opacity_hover=\u00bb100&#8243; filter_blur_hover=\u00bb0&#8243; last=\u00bbtrue\u00bb border_sizes_top=\u00bb0&#8243; border_sizes_bottom=\u00bb0&#8243; border_sizes_left=\u00bb0&#8243; border_sizes_right=\u00bb0&#8243; first=\u00bbfalse\u00bb][\/fusion_builder_column][\/fusion_builder_row][\/fusion_builder_container]\n","protected":false},"excerpt":{"rendered":"<p>[fusion_builder_container hundred_percent=\u00bbno\u00bb hundred_percent_height=\u00bbno\u00bb hundred_percent_height_scroll=\u00bbno\u00bb hundred_percent_height_center_content=\u00bbyes\u00bb equal_height_columns=\u00bbno\u00bb menu_anchor=\u00bb\u00bb hide_on_mobile=\u00bbsmall-visibility,medium-visibility,large-visibility\u00bb status=\u00bbpublished\u00bb publish_date=\u00bb\u00bb class=\u00bb\u00bb id=\u00bb\u00bb link_color=\u00bb\u00bb link_hover_color=\u00bb\u00bb border_color=\u00bb\u00bb border_style=\u00bbsolid\u00bb margin_top=\u00bb\u00bb margin_bottom=\u00bb40px\u00bb padding_top=\u00bb\u00bb padding_right=\u00bb\u00bb padding_bottom=\u00bb\u00bb padding_left=\u00bb\u00bb gradient_start_color=\u00bb\u00bb gradient_end_color=\u00bb\u00bb gradient_start_position=\u00bb0&#8243; gradient_end_position=\u00bb100&#8243; gradient_type=\u00bblinear\u00bb radial_direction=\u00bbcenter center\u00bb linear_angle=\u00bb180&#8243;&#8230;<\/p>\n","protected":false},"author":1,"featured_media":3330,"parent":0,"menu_order":0,"comment_status":"closed","ping_status":"closed","template":"100-width.php","meta":{"footnotes":""},"class_list":["post-2133","page","type-page","status-publish","has-post-thumbnail"],"yoast_head":"<!-- This site is optimized with the Yoast SEO plugin v26.2 - https:\/\/yoast.com\/wordpress\/plugins\/seo\/ -->\n<title>Contacto - LasilaSol<\/title>\n<meta name=\"description\" content=\"Cont\u00e1ctenos! Transforme un gasto, en una Inversi\u00f3n. Instale energ\u00eda renovable.\" \/>\n<meta name=\"robots\" content=\"index, follow, max-snippet:-1, max-image-preview:large, max-video-preview:-1\" \/>\n<link rel=\"canonical\" href=\"https:\/\/lasilasol.com\/es\/contacto\/\" \/>\n<meta property=\"og:locale\" content=\"es_ES\" \/>\n<meta property=\"og:type\" content=\"article\" \/>\n<meta property=\"og:title\" content=\"Contacto - LasilaSol\" \/>\n<meta property=\"og:description\" content=\"Cont\u00e1ctenos! Transforme un gasto, en una Inversi\u00f3n. Instale energ\u00eda renovable.\" \/>\n<meta property=\"og:url\" content=\"https:\/\/lasilasol.com\/es\/contacto\/\" \/>\n<meta property=\"og:site_name\" content=\"LasilaSol\" \/>\n<meta property=\"article:modified_time\" content=\"2021-01-29T19:41:21+00:00\" \/>\n<meta property=\"og:image\" content=\"https:\/\/lasilasol.com\/wp-content\/uploads\/2021\/01\/destacada-home.jpg\" \/>\n\t<meta property=\"og:image:width\" content=\"1200\" \/>\n\t<meta property=\"og:image:height\" content=\"630\" \/>\n\t<meta property=\"og:image:type\" content=\"image\/jpeg\" \/>\n<meta name=\"twitter:card\" content=\"summary_large_image\" \/>\n<meta name=\"twitter:image\" content=\"https:\/\/lasilasol.com\/wp-content\/uploads\/2021\/01\/destacada-home.jpg\" \/>\n<meta name=\"twitter:label1\" content=\"Tiempo de lectura\" \/>\n\t<meta name=\"twitter:data1\" content=\"7 minutos\" \/>\n<script type=\"application\/ld+json\" class=\"yoast-schema-graph\">{\"@context\":\"https:\/\/schema.org\",\"@graph\":[{\"@type\":\"WebPage\",\"@id\":\"https:\/\/lasilasol.com\/es\/contacto\/\",\"url\":\"https:\/\/lasilasol.com\/es\/contacto\/\",\"name\":\"Contacto - LasilaSol\",\"isPartOf\":{\"@id\":\"https:\/\/ftp.lasilasol.com\/es\/#website\"},\"primaryImageOfPage\":{\"@id\":\"https:\/\/lasilasol.com\/es\/contacto\/#primaryimage\"},\"image\":{\"@id\":\"https:\/\/lasilasol.com\/es\/contacto\/#primaryimage\"},\"thumbnailUrl\":\"https:\/\/lasilasol.com\/wp-content\/uploads\/2021\/01\/destacada-home.jpg\",\"datePublished\":\"2020-03-02T21:52:08+00:00\",\"dateModified\":\"2021-01-29T19:41:21+00:00\",\"description\":\"Cont\u00e1ctenos! Transforme un gasto, en una Inversi\u00f3n. Instale energ\u00eda renovable.\",\"breadcrumb\":{\"@id\":\"https:\/\/lasilasol.com\/es\/contacto\/#breadcrumb\"},\"inLanguage\":\"es\",\"potentialAction\":[{\"@type\":\"ReadAction\",\"target\":[\"https:\/\/lasilasol.com\/es\/contacto\/\"]}]},{\"@type\":\"ImageObject\",\"inLanguage\":\"es\",\"@id\":\"https:\/\/lasilasol.com\/es\/contacto\/#primaryimage\",\"url\":\"https:\/\/lasilasol.com\/wp-content\/uploads\/2021\/01\/destacada-home.jpg\",\"contentUrl\":\"https:\/\/lasilasol.com\/wp-content\/uploads\/2021\/01\/destacada-home.jpg\",\"width\":1200,\"height\":630},{\"@type\":\"BreadcrumbList\",\"@id\":\"https:\/\/lasilasol.com\/es\/contacto\/#breadcrumb\",\"itemListElement\":[{\"@type\":\"ListItem\",\"position\":1,\"name\":\"Portada\",\"item\":\"https:\/\/lasilasol.com\/es\/\"},{\"@type\":\"ListItem\",\"position\":2,\"name\":\"Contacto\"}]},{\"@type\":\"WebSite\",\"@id\":\"https:\/\/ftp.lasilasol.com\/es\/#website\",\"url\":\"https:\/\/ftp.lasilasol.com\/es\/\",\"name\":\"LasilaSol\",\"description\":\"Soluciones Renovables\",\"potentialAction\":[{\"@type\":\"SearchAction\",\"target\":{\"@type\":\"EntryPoint\",\"urlTemplate\":\"https:\/\/ftp.lasilasol.com\/es\/?s={search_term_string}\"},\"query-input\":{\"@type\":\"PropertyValueSpecification\",\"valueRequired\":true,\"valueName\":\"search_term_string\"}}],\"inLanguage\":\"es\"}]}<\/script>\n<!-- \/ Yoast SEO plugin. -->","yoast_head_json":{"title":"Contacto - LasilaSol","description":"Cont\u00e1ctenos! Transforme un gasto, en una Inversi\u00f3n. Instale energ\u00eda renovable.","robots":{"index":"index","follow":"follow","max-snippet":"max-snippet:-1","max-image-preview":"max-image-preview:large","max-video-preview":"max-video-preview:-1"},"canonical":"https:\/\/lasilasol.com\/es\/contacto\/","og_locale":"es_ES","og_type":"article","og_title":"Contacto - LasilaSol","og_description":"Cont\u00e1ctenos! Transforme un gasto, en una Inversi\u00f3n. Instale energ\u00eda renovable.","og_url":"https:\/\/lasilasol.com\/es\/contacto\/","og_site_name":"LasilaSol","article_modified_time":"2021-01-29T19:41:21+00:00","og_image":[{"width":1200,"height":630,"url":"https:\/\/lasilasol.com\/wp-content\/uploads\/2021\/01\/destacada-home.jpg","type":"image\/jpeg"}],"twitter_card":"summary_large_image","twitter_image":"https:\/\/lasilasol.com\/wp-content\/uploads\/2021\/01\/destacada-home.jpg","twitter_misc":{"Tiempo de lectura":"7 minutos"},"schema":{"@context":"https:\/\/schema.org","@graph":[{"@type":"WebPage","@id":"https:\/\/lasilasol.com\/es\/contacto\/","url":"https:\/\/lasilasol.com\/es\/contacto\/","name":"Contacto - LasilaSol","isPartOf":{"@id":"https:\/\/ftp.lasilasol.com\/es\/#website"},"primaryImageOfPage":{"@id":"https:\/\/lasilasol.com\/es\/contacto\/#primaryimage"},"image":{"@id":"https:\/\/lasilasol.com\/es\/contacto\/#primaryimage"},"thumbnailUrl":"https:\/\/lasilasol.com\/wp-content\/uploads\/2021\/01\/destacada-home.jpg","datePublished":"2020-03-02T21:52:08+00:00","dateModified":"2021-01-29T19:41:21+00:00","description":"Cont\u00e1ctenos! Transforme un gasto, en una Inversi\u00f3n. Instale energ\u00eda renovable.","breadcrumb":{"@id":"https:\/\/lasilasol.com\/es\/contacto\/#breadcrumb"},"inLanguage":"es","potentialAction":[{"@type":"ReadAction","target":["https:\/\/lasilasol.com\/es\/contacto\/"]}]},{"@type":"ImageObject","inLanguage":"es","@id":"https:\/\/lasilasol.com\/es\/contacto\/#primaryimage","url":"https:\/\/lasilasol.com\/wp-content\/uploads\/2021\/01\/destacada-home.jpg","contentUrl":"https:\/\/lasilasol.com\/wp-content\/uploads\/2021\/01\/destacada-home.jpg","width":1200,"height":630},{"@type":"BreadcrumbList","@id":"https:\/\/lasilasol.com\/es\/contacto\/#breadcrumb","itemListElement":[{"@type":"ListItem","position":1,"name":"Portada","item":"https:\/\/lasilasol.com\/es\/"},{"@type":"ListItem","position":2,"name":"Contacto"}]},{"@type":"WebSite","@id":"https:\/\/ftp.lasilasol.com\/es\/#website","url":"https:\/\/ftp.lasilasol.com\/es\/","name":"LasilaSol","description":"Soluciones Renovables","potentialAction":[{"@type":"SearchAction","target":{"@type":"EntryPoint","urlTemplate":"https:\/\/ftp.lasilasol.com\/es\/?s={search_term_string}"},"query-input":{"@type":"PropertyValueSpecification","valueRequired":true,"valueName":"search_term_string"}}],"inLanguage":"es"}]}},"_links":{"self":[{"href":"https:\/\/lasilasol.com\/es\/wp-json\/wp\/v2\/pages\/2133","targetHints":{"allow":["GET"]}}],"collection":[{"href":"https:\/\/lasilasol.com\/es\/wp-json\/wp\/v2\/pages"}],"about":[{"href":"https:\/\/lasilasol.com\/es\/wp-json\/wp\/v2\/types\/page"}],"author":[{"embeddable":true,"href":"https:\/\/lasilasol.com\/es\/wp-json\/wp\/v2\/users\/1"}],"replies":[{"embeddable":true,"href":"https:\/\/lasilasol.com\/es\/wp-json\/wp\/v2\/comments?post=2133"}],"version-history":[{"count":7,"href":"https:\/\/lasilasol.com\/es\/wp-json\/wp\/v2\/pages\/2133\/revisions"}],"predecessor-version":[{"id":3299,"href":"https:\/\/lasilasol.com\/es\/wp-json\/wp\/v2\/pages\/2133\/revisions\/3299"}],"wp:featuredmedia":[{"embeddable":true,"href":"https:\/\/lasilasol.com\/es\/wp-json\/wp\/v2\/media\/3330"}],"wp:attachment":[{"href":"https:\/\/lasilasol.com\/es\/wp-json\/wp\/v2\/media?parent=2133"}],"curies":[{"name":"wp","href":"https:\/\/api.w.org\/{rel}","templated":true}]}}