{"id":10,"date":"2016-08-04T08:17:59","date_gmt":"2016-08-04T08:17:59","guid":{"rendered":"https:\/\/lasilasol.com\/?page_id=10"},"modified":"2021-01-29T16:38:43","modified_gmt":"2021-01-29T19:38:43","slug":"blog","status":"publish","type":"page","link":"https:\/\/lasilasol.com\/es\/blog\/","title":{"rendered":"Novedades"},"content":{"rendered":"[fusion_builder_container admin_label=\u00bbLatest Posts\u00bb hundred_percent=\u00bbyes\u00bb hundred_percent_height=\u00bbno\u00bb hundred_percent_height_scroll=\u00bbno\u00bb hundred_percent_height_center_content=\u00bbyes\u00bb equal_height_columns=\u00bbno\u00bb menu_anchor=\u00bb\u00bb hide_on_mobile=\u00bbno\u00bb class=\u00bb\u00bb id=\u00bb\u00bb background_color=\u00bb#f7f7f7&#8243; background_image=\u00bb\u00bb background_position=\u00bbleft top\u00bb background_repeat=\u00bbno-repeat\u00bb fade=\u00bbno\u00bb background_parallax=\u00bbnone\u00bb enable_mobile=\u00bbno\u00bb parallax_speed=\u00bb0.3&#8243; video_mp4=\u00bb\u00bb video_webm=\u00bb\u00bb video_ogv=\u00bb\u00bb video_url=\u00bb\u00bb video_aspect_ratio=\u00bb16:9&#8243; video_loop=\u00bbyes\u00bb video_mute=\u00bbyes\u00bb video_preview_image=\u00bb\u00bb border_color=\u00bb\u00bb border_style=\u00bbsolid\u00bb margin_top=\u00bb\u00bb margin_bottom=\u00bb\u00bb padding_top=\u00bb5%\u00bb padding_right=\u00bb10%\u00bb padding_bottom=\u00bb5%\u00bb padding_left=\u00bb10%\u00bb type=\u00bblegacy\u00bb border_sizes_top=\u00bb0px\u00bb border_sizes_bottom=\u00bb0px\u00bb border_sizes_left=\u00bb0px\u00bb border_sizes_right=\u00bb0px\u00bb][fusion_builder_row][fusion_builder_column type=\u00bb1_1&#8243; layout=\u00bb1_1&#8243; spacing=\u00bbyes\u00bb center_content=\u00bbno\u00bb link=\u00bb\u00bb target=\u00bb_self\u00bb min_height=\u00bb\u00bb hide_on_mobile=\u00bbno\u00bb class=\u00bb\u00bb id=\u00bb\u00bb background_color=\u00bb\u00bb background_image=\u00bb\u00bb background_position=\u00bbleft top\u00bb undefined=\u00bb\u00bb background_repeat=\u00bbno-repeat\u00bb hover_type=\u00bbnone\u00bb border_color=\u00bb\u00bb border_style=\u00bbsolid\u00bb border_position=\u00bball\u00bb padding_top=\u00bb\u00bb padding_right=\u00bb\u00bb padding_bottom=\u00bb\u00bb padding_left=\u00bb\u00bb margin_top=\u00bb60px\u00bb margin_bottom=\u00bb30px\u00bb animation_type=\u00bb\u00bb animation_direction=\u00bbleft\u00bb animation_speed=\u00bb0.1&#8243; animation_offset=\u00bb\u00bb last=\u00bbtrue\u00bb border_sizes_top=\u00bb0&#8243; border_sizes_bottom=\u00bb0&#8243; border_sizes_left=\u00bb0&#8243; border_sizes_right=\u00bb0&#8243; first=\u00bbtrue\u00bb][fusion_blog layout=\u00bbgrid\u00bb blog_grid_columns=\u00bb4&#8243; blog_grid_column_spacing=\u00bb40&#8243; equal_heights=\u00bbyes\u00bb number_posts=\u00bb8&#8243; offset=\u00bb\u00bb pull_by=\u00bbcategory\u00bb cat_slug=\u00bb\u00bb exclude_cats=\u00bb\u00bb tag_slug=\u00bb\u00bb exclude_tags=\u00bb\u00bb orderby=\u00bbdate\u00bb order=\u00bbDESC\u00bb thumbnail=\u00bbyes\u00bb title=\u00bbyes\u00bb title_link=\u00bbyes\u00bb excerpt=\u00bb\u00bb excerpt_length=\u00bb35&#8243; strip_html=\u00bbyes\u00bb meta_all=\u00bbyes\u00bb meta_author=\u00bbno\u00bb meta_categories=\u00bbno\u00bb meta_comments=\u00bbno\u00bb meta_date=\u00bbyes\u00bb meta_link=\u00bbno\u00bb meta_tags=\u00bbno\u00bb scrolling=\u00bbload_more_button\u00bb grid_box_color=\u00bb\u00bb grid_element_color=\u00bb\u00bb grid_separator_style_type=\u00bb\u00bb grid_separator_color=\u00bb\u00bb padding_top=\u00bb\u00bb padding_right=\u00bb\u00bb padding_bottom=\u00bb\u00bb padding_left=\u00bb\u00bb hide_on_mobile=\u00bbsmall-visibility,medium-visibility,large-visibility\u00bb class=\u00bb\u00bb id=\u00bb\u00bb \/][\/fusion_builder_column][\/fusion_builder_row][\/fusion_builder_container]\n","protected":false},"excerpt":{"rendered":"<p>[fusion_builder_container admin_label=\u00bbLatest Posts\u00bb hundred_percent=\u00bbyes\u00bb hundred_percent_height=\u00bbno\u00bb hundred_percent_height_scroll=\u00bbno\u00bb hundred_percent_height_center_content=\u00bbyes\u00bb equal_height_columns=\u00bbno\u00bb menu_anchor=\u00bb\u00bb hide_on_mobile=\u00bbno\u00bb class=\u00bb\u00bb id=\u00bb\u00bb background_color=\u00bb#f7f7f7&#8243; background_image=\u00bb\u00bb background_position=\u00bbleft top\u00bb background_repeat=\u00bbno-repeat\u00bb fade=\u00bbno\u00bb background_parallax=\u00bbnone\u00bb enable_mobile=\u00bbno\u00bb parallax_speed=\u00bb0.3&#8243; video_mp4=\u00bb\u00bb video_webm=\u00bb\u00bb video_ogv=\u00bb\u00bb video_url=\u00bb\u00bb video_aspect_ratio=\u00bb16:9&#8243; video_loop=\u00bbyes\u00bb video_mute=\u00bbyes\u00bb video_preview_image=\u00bb\u00bb border_color=\u00bb\u00bb&#8230;<\/p>\n","protected":false},"author":1,"featured_media":3330,"parent":0,"menu_order":0,"comment_status":"closed","ping_status":"closed","template":"100-width.php","meta":{"footnotes":""},"class_list":["post-10","page","type-page","status-publish","has-post-thumbnail"],"yoast_head":"<!-- This site is optimized with the Yoast SEO plugin v26.2 - https:\/\/yoast.com\/wordpress\/plugins\/seo\/ -->\n<title>Novedades - LasilaSol<\/title>\n<meta name=\"description\" content=\"Conoce m\u00e1s sobre la utilizaci\u00f3n, beneficios y novedades de energ\u00edas renovables\" \/>\n<meta name=\"robots\" content=\"index, follow, max-snippet:-1, max-image-preview:large, max-video-preview:-1\" \/>\n<link rel=\"canonical\" href=\"https:\/\/lasilasol.com\/es\/blog\/\" \/>\n<meta property=\"og:locale\" content=\"es_ES\" \/>\n<meta property=\"og:type\" content=\"article\" \/>\n<meta property=\"og:title\" content=\"Novedades - LasilaSol\" \/>\n<meta property=\"og:description\" content=\"Conoce m\u00e1s sobre la utilizaci\u00f3n, beneficios y novedades de energ\u00edas renovables\" \/>\n<meta property=\"og:url\" content=\"https:\/\/lasilasol.com\/es\/blog\/\" \/>\n<meta property=\"og:site_name\" content=\"LasilaSol\" \/>\n<meta property=\"article:modified_time\" content=\"2021-01-29T19:38:43+00:00\" \/>\n<meta property=\"og:image\" content=\"https:\/\/lasilasol.com\/wp-content\/uploads\/2021\/01\/destacada-home.jpg\" \/>\n\t<meta property=\"og:image:width\" content=\"1200\" \/>\n\t<meta property=\"og:image:height\" content=\"630\" \/>\n\t<meta property=\"og:image:type\" content=\"image\/jpeg\" \/>\n<meta name=\"twitter:card\" content=\"summary_large_image\" \/>\n<meta name=\"twitter:image\" content=\"https:\/\/lasilasol.com\/wp-content\/uploads\/2021\/01\/destacada-home.jpg\" \/>\n<meta name=\"twitter:label1\" content=\"Tiempo de lectura\" \/>\n\t<meta name=\"twitter:data1\" content=\"2 minutos\" \/>\n<script type=\"application\/ld+json\" class=\"yoast-schema-graph\">{\"@context\":\"https:\/\/schema.org\",\"@graph\":[{\"@type\":\"WebPage\",\"@id\":\"https:\/\/lasilasol.com\/es\/blog\/\",\"url\":\"https:\/\/lasilasol.com\/es\/blog\/\",\"name\":\"Novedades - LasilaSol\",\"isPartOf\":{\"@id\":\"https:\/\/ftp.lasilasol.com\/es\/#website\"},\"primaryImageOfPage\":{\"@id\":\"https:\/\/lasilasol.com\/es\/blog\/#primaryimage\"},\"image\":{\"@id\":\"https:\/\/lasilasol.com\/es\/blog\/#primaryimage\"},\"thumbnailUrl\":\"https:\/\/lasilasol.com\/wp-content\/uploads\/2021\/01\/destacada-home.jpg\",\"datePublished\":\"2016-08-04T08:17:59+00:00\",\"dateModified\":\"2021-01-29T19:38:43+00:00\",\"description\":\"Conoce m\u00e1s sobre la utilizaci\u00f3n, beneficios y novedades de energ\u00edas renovables\",\"breadcrumb\":{\"@id\":\"https:\/\/lasilasol.com\/es\/blog\/#breadcrumb\"},\"inLanguage\":\"es\",\"potentialAction\":[{\"@type\":\"ReadAction\",\"target\":[\"https:\/\/lasilasol.com\/es\/blog\/\"]}]},{\"@type\":\"ImageObject\",\"inLanguage\":\"es\",\"@id\":\"https:\/\/lasilasol.com\/es\/blog\/#primaryimage\",\"url\":\"https:\/\/lasilasol.com\/wp-content\/uploads\/2021\/01\/destacada-home.jpg\",\"contentUrl\":\"https:\/\/lasilasol.com\/wp-content\/uploads\/2021\/01\/destacada-home.jpg\",\"width\":1200,\"height\":630},{\"@type\":\"BreadcrumbList\",\"@id\":\"https:\/\/lasilasol.com\/es\/blog\/#breadcrumb\",\"itemListElement\":[{\"@type\":\"ListItem\",\"position\":1,\"name\":\"Portada\",\"item\":\"https:\/\/lasilasol.com\/es\/\"},{\"@type\":\"ListItem\",\"position\":2,\"name\":\"Novedades\"}]},{\"@type\":\"WebSite\",\"@id\":\"https:\/\/ftp.lasilasol.com\/es\/#website\",\"url\":\"https:\/\/ftp.lasilasol.com\/es\/\",\"name\":\"LasilaSol\",\"description\":\"Soluciones Renovables\",\"potentialAction\":[{\"@type\":\"SearchAction\",\"target\":{\"@type\":\"EntryPoint\",\"urlTemplate\":\"https:\/\/ftp.lasilasol.com\/es\/?s={search_term_string}\"},\"query-input\":{\"@type\":\"PropertyValueSpecification\",\"valueRequired\":true,\"valueName\":\"search_term_string\"}}],\"inLanguage\":\"es\"}]}<\/script>\n<!-- \/ Yoast SEO plugin. -->","yoast_head_json":{"title":"Novedades - LasilaSol","description":"Conoce m\u00e1s sobre la utilizaci\u00f3n, beneficios y novedades de energ\u00edas renovables","robots":{"index":"index","follow":"follow","max-snippet":"max-snippet:-1","max-image-preview":"max-image-preview:large","max-video-preview":"max-video-preview:-1"},"canonical":"https:\/\/lasilasol.com\/es\/blog\/","og_locale":"es_ES","og_type":"article","og_title":"Novedades - LasilaSol","og_description":"Conoce m\u00e1s sobre la utilizaci\u00f3n, beneficios y novedades de energ\u00edas renovables","og_url":"https:\/\/lasilasol.com\/es\/blog\/","og_site_name":"LasilaSol","article_modified_time":"2021-01-29T19:38:43+00:00","og_image":[{"width":1200,"height":630,"url":"https:\/\/lasilasol.com\/wp-content\/uploads\/2021\/01\/destacada-home.jpg","type":"image\/jpeg"}],"twitter_card":"summary_large_image","twitter_image":"https:\/\/lasilasol.com\/wp-content\/uploads\/2021\/01\/destacada-home.jpg","twitter_misc":{"Tiempo de lectura":"2 minutos"},"schema":{"@context":"https:\/\/schema.org","@graph":[{"@type":"WebPage","@id":"https:\/\/lasilasol.com\/es\/blog\/","url":"https:\/\/lasilasol.com\/es\/blog\/","name":"Novedades - LasilaSol","isPartOf":{"@id":"https:\/\/ftp.lasilasol.com\/es\/#website"},"primaryImageOfPage":{"@id":"https:\/\/lasilasol.com\/es\/blog\/#primaryimage"},"image":{"@id":"https:\/\/lasilasol.com\/es\/blog\/#primaryimage"},"thumbnailUrl":"https:\/\/lasilasol.com\/wp-content\/uploads\/2021\/01\/destacada-home.jpg","datePublished":"2016-08-04T08:17:59+00:00","dateModified":"2021-01-29T19:38:43+00:00","description":"Conoce m\u00e1s sobre la utilizaci\u00f3n, beneficios y novedades de energ\u00edas renovables","breadcrumb":{"@id":"https:\/\/lasilasol.com\/es\/blog\/#breadcrumb"},"inLanguage":"es","potentialAction":[{"@type":"ReadAction","target":["https:\/\/lasilasol.com\/es\/blog\/"]}]},{"@type":"ImageObject","inLanguage":"es","@id":"https:\/\/lasilasol.com\/es\/blog\/#primaryimage","url":"https:\/\/lasilasol.com\/wp-content\/uploads\/2021\/01\/destacada-home.jpg","contentUrl":"https:\/\/lasilasol.com\/wp-content\/uploads\/2021\/01\/destacada-home.jpg","width":1200,"height":630},{"@type":"BreadcrumbList","@id":"https:\/\/lasilasol.com\/es\/blog\/#breadcrumb","itemListElement":[{"@type":"ListItem","position":1,"name":"Portada","item":"https:\/\/lasilasol.com\/es\/"},{"@type":"ListItem","position":2,"name":"Novedades"}]},{"@type":"WebSite","@id":"https:\/\/ftp.lasilasol.com\/es\/#website","url":"https:\/\/ftp.lasilasol.com\/es\/","name":"LasilaSol","description":"Soluciones Renovables","potentialAction":[{"@type":"SearchAction","target":{"@type":"EntryPoint","urlTemplate":"https:\/\/ftp.lasilasol.com\/es\/?s={search_term_string}"},"query-input":{"@type":"PropertyValueSpecification","valueRequired":true,"valueName":"search_term_string"}}],"inLanguage":"es"}]}},"_links":{"self":[{"href":"https:\/\/lasilasol.com\/es\/wp-json\/wp\/v2\/pages\/10","targetHints":{"allow":["GET"]}}],"collection":[{"href":"https:\/\/lasilasol.com\/es\/wp-json\/wp\/v2\/pages"}],"about":[{"href":"https:\/\/lasilasol.com\/es\/wp-json\/wp\/v2\/types\/page"}],"author":[{"embeddable":true,"href":"https:\/\/lasilasol.com\/es\/wp-json\/wp\/v2\/users\/1"}],"replies":[{"embeddable":true,"href":"https:\/\/lasilasol.com\/es\/wp-json\/wp\/v2\/comments?post=10"}],"version-history":[{"count":5,"href":"https:\/\/lasilasol.com\/es\/wp-json\/wp\/v2\/pages\/10\/revisions"}],"predecessor-version":[{"id":3343,"href":"https:\/\/lasilasol.com\/es\/wp-json\/wp\/v2\/pages\/10\/revisions\/3343"}],"wp:featuredmedia":[{"embeddable":true,"href":"https:\/\/lasilasol.com\/es\/wp-json\/wp\/v2\/media\/3330"}],"wp:attachment":[{"href":"https:\/\/lasilasol.com\/es\/wp-json\/wp\/v2\/media?parent=10"}],"curies":[{"name":"wp","href":"https:\/\/api.w.org\/{rel}","templated":true}]}}